{"id":3240,"date":"2023-08-10T17:59:25","date_gmt":"2023-08-10T17:59:25","guid":{"rendered":"https:\/\/www.digitaltecenglishcenter.com\/inicio\/?post_type=product&#038;p=3240"},"modified":"2025-04-25T15:31:45","modified_gmt":"2025-04-25T15:31:45","slug":"tkt-por-modulo-1-2-3-yl-o-clil","status":"publish","type":"product","link":"https:\/\/www.digitaltecenglishcenter.com\/inicio\/product\/tkt-por-modulo-1-2-3-yl-o-clil\/","title":{"rendered":"TKT por m\u00f3dulo (1, 2, 3 YL o CLIL)"},"content":{"rendered":"<div class=\"product-desc\">\n<div class=\"text-wrap\">\n<p>&nbsp;<\/p>\n<\/div>\n<div class=\"image-wrap\">\n<div><\/div>\n<\/div>\n<\/div>\n","protected":false},"excerpt":{"rendered":"<p>Cursos dise\u00f1ados para ayudar a los usuarios a desarrollar sus conocimientos te\u00f3ricos y habilidades pr\u00e1cticas, as\u00ed como la confianza profesional, sea cual sea su contexto de ense\u00f1anza.<\/p>\n","protected":false},"featured_media":3236,"comment_status":"open","ping_status":"closed","template":"","meta":{"_monsterinsights_skip_tracking":false,"_monsterinsights_sitenote_active":false,"_monsterinsights_sitenote_note":"","_monsterinsights_sitenote_category":0},"product_cat":[50],"product_tag":[],"class_list":{"0":"post-3240","1":"product","2":"type-product","3":"status-publish","4":"has-post-thumbnail","6":"product_cat-cambridge","8":"first","9":"instock","10":"taxable","11":"shipping-taxable","12":"purchasable","13":"product-type-simple"},"aioseo_notices":[],"jetpack_sharing_enabled":true,"_links":{"self":[{"href":"https:\/\/www.digitaltecenglishcenter.com\/inicio\/wp-json\/wp\/v2\/product\/3240","targetHints":{"allow":["GET"]}}],"collection":[{"href":"https:\/\/www.digitaltecenglishcenter.com\/inicio\/wp-json\/wp\/v2\/product"}],"about":[{"href":"https:\/\/www.digitaltecenglishcenter.com\/inicio\/wp-json\/wp\/v2\/types\/product"}],"replies":[{"embeddable":true,"href":"https:\/\/www.digitaltecenglishcenter.com\/inicio\/wp-json\/wp\/v2\/comments?post=3240"}],"wp:featuredmedia":[{"embeddable":true,"href":"https:\/\/www.digitaltecenglishcenter.com\/inicio\/wp-json\/wp\/v2\/media\/3236"}],"wp:attachment":[{"href":"https:\/\/www.digitaltecenglishcenter.com\/inicio\/wp-json\/wp\/v2\/media?parent=3240"}],"wp:term":[{"taxonomy":"product_cat","embeddable":true,"href":"https:\/\/www.digitaltecenglishcenter.com\/inicio\/wp-json\/wp\/v2\/product_cat?post=3240"},{"taxonomy":"product_tag","embeddable":true,"href":"https:\/\/www.digitaltecenglishcenter.com\/inicio\/wp-json\/wp\/v2\/product_tag?post=3240"}],"curies":[{"name":"wp","href":"https:\/\/api.w.org\/{rel}","templated":true}]}}