{"id":3229,"date":"2023-08-10T06:30:56","date_gmt":"2023-08-10T06:30:56","guid":{"rendered":"https:\/\/www.digitaltecenglishcenter.com\/inicio\/?post_type=product&#038;p=3229"},"modified":"2025-04-25T15:27:52","modified_gmt":"2025-04-25T15:27:52","slug":"flyers","status":"publish","type":"product","link":"https:\/\/www.digitaltecenglishcenter.com\/inicio\/product\/flyers\/","title":{"rendered":"FLYERS"},"content":{"rendered":"<div class=\"product-desc\">\n<div class=\"text-wrap\">\n<p>&nbsp;<\/p>\n<\/div>\n<div class=\"image-wrap\">\n<div><\/div>\n<\/div>\n<\/div>\n","protected":false},"excerpt":{"rendered":"<p>Certificaci\u00f3n para ni\u00f1os, evalua listening, speaking, reading y writing en contextos que son familiares para los peque\u00f1os en nivel A2 del MCER.<\/p>\n","protected":false},"featured_media":3236,"comment_status":"open","ping_status":"closed","template":"","meta":{"_monsterinsights_skip_tracking":false,"_monsterinsights_sitenote_active":false,"_monsterinsights_sitenote_note":"","_monsterinsights_sitenote_category":0},"product_cat":[50],"product_tag":[],"class_list":{"0":"post-3229","1":"product","2":"type-product","3":"status-publish","4":"has-post-thumbnail","6":"product_cat-cambridge","8":"first","9":"instock","10":"taxable","11":"shipping-taxable","12":"purchasable","13":"product-type-simple"},"aioseo_notices":[],"jetpack_sharing_enabled":true,"_links":{"self":[{"href":"https:\/\/www.digitaltecenglishcenter.com\/inicio\/wp-json\/wp\/v2\/product\/3229","targetHints":{"allow":["GET"]}}],"collection":[{"href":"https:\/\/www.digitaltecenglishcenter.com\/inicio\/wp-json\/wp\/v2\/product"}],"about":[{"href":"https:\/\/www.digitaltecenglishcenter.com\/inicio\/wp-json\/wp\/v2\/types\/product"}],"replies":[{"embeddable":true,"href":"https:\/\/www.digitaltecenglishcenter.com\/inicio\/wp-json\/wp\/v2\/comments?post=3229"}],"wp:featuredmedia":[{"embeddable":true,"href":"https:\/\/www.digitaltecenglishcenter.com\/inicio\/wp-json\/wp\/v2\/media\/3236"}],"wp:attachment":[{"href":"https:\/\/www.digitaltecenglishcenter.com\/inicio\/wp-json\/wp\/v2\/media?parent=3229"}],"wp:term":[{"taxonomy":"product_cat","embeddable":true,"href":"https:\/\/www.digitaltecenglishcenter.com\/inicio\/wp-json\/wp\/v2\/product_cat?post=3229"},{"taxonomy":"product_tag","embeddable":true,"href":"https:\/\/www.digitaltecenglishcenter.com\/inicio\/wp-json\/wp\/v2\/product_tag?post=3229"}],"curies":[{"name":"wp","href":"https:\/\/api.w.org\/{rel}","templated":true}]}}