{"id":2056,"date":"2020-06-22T18:04:41","date_gmt":"2020-06-22T18:04:41","guid":{"rendered":"http:\/\/ninzio.com\/octavian\/?post_type=product&#038;p=2056"},"modified":"2024-02-23T16:38:56","modified_gmt":"2024-02-23T16:38:56","slug":"examen-de-ubicacion","status":"publish","type":"product","link":"https:\/\/www.digitaltecenglishcenter.com\/inicio\/product\/examen-de-ubicacion\/","title":{"rendered":"Examen de ubicaci\u00f3n"},"content":{"rendered":"<p><span style=\"color: #ffffff;\"><strong>.<\/strong><\/span><\/p>\n","protected":false},"excerpt":{"rendered":"<p>Permite indicar de manera informativa para la instituci\u00f3n cu\u00e1l es el nivel de dominio de ingl\u00e9s del aspirante (desde A1 hasta C1 de acuerdo a MCER) para colocarlo en el nivel de inicio ideal en un programa de estudios de idioma ingl\u00e9s.<\/p>\n","protected":false},"featured_media":3145,"comment_status":"open","ping_status":"closed","template":"","meta":{"_monsterinsights_skip_tracking":false,"_monsterinsights_sitenote_active":false,"_monsterinsights_sitenote_note":"","_monsterinsights_sitenote_category":0},"product_cat":[39],"product_tag":[],"class_list":{"0":"post-2056","1":"product","2":"type-product","3":"status-publish","4":"has-post-thumbnail","6":"product_cat-englishscore","8":"first","9":"instock","10":"purchasable","11":"product-type-simple"},"aioseo_notices":[],"jetpack_sharing_enabled":true,"_links":{"self":[{"href":"https:\/\/www.digitaltecenglishcenter.com\/inicio\/wp-json\/wp\/v2\/product\/2056","targetHints":{"allow":["GET"]}}],"collection":[{"href":"https:\/\/www.digitaltecenglishcenter.com\/inicio\/wp-json\/wp\/v2\/product"}],"about":[{"href":"https:\/\/www.digitaltecenglishcenter.com\/inicio\/wp-json\/wp\/v2\/types\/product"}],"replies":[{"embeddable":true,"href":"https:\/\/www.digitaltecenglishcenter.com\/inicio\/wp-json\/wp\/v2\/comments?post=2056"}],"wp:featuredmedia":[{"embeddable":true,"href":"https:\/\/www.digitaltecenglishcenter.com\/inicio\/wp-json\/wp\/v2\/media\/3145"}],"wp:attachment":[{"href":"https:\/\/www.digitaltecenglishcenter.com\/inicio\/wp-json\/wp\/v2\/media?parent=2056"}],"wp:term":[{"taxonomy":"product_cat","embeddable":true,"href":"https:\/\/www.digitaltecenglishcenter.com\/inicio\/wp-json\/wp\/v2\/product_cat?post=2056"},{"taxonomy":"product_tag","embeddable":true,"href":"https:\/\/www.digitaltecenglishcenter.com\/inicio\/wp-json\/wp\/v2\/product_tag?post=2056"}],"curies":[{"name":"wp","href":"https:\/\/api.w.org\/{rel}","templated":true}]}}