{"id":2054,"date":"2020-06-22T18:02:56","date_gmt":"2020-06-22T18:02:56","guid":{"rendered":"http:\/\/ninzio.com\/octavian\/?post_type=product&#038;p=2054"},"modified":"2025-04-25T15:26:42","modified_gmt":"2025-04-25T15:26:42","slug":"starters","status":"publish","type":"product","link":"https:\/\/www.digitaltecenglishcenter.com\/inicio\/product\/starters\/","title":{"rendered":"STARTERS"},"content":{"rendered":"<div class=\"product-desc\">\n<div class=\"text-wrap\">\n<p>&nbsp;<\/p>\n<\/div>\n<div class=\"image-wrap\">\n<div><\/div>\n<\/div>\n<\/div>\n","protected":false},"excerpt":{"rendered":"<p>Certificaci\u00f3n para ni\u00f1os, evalua listening, speaking, reading y writing en contextos que son familiares para los peque\u00f1os en nivel Pre A1 del MCER.<\/p>\n","protected":false},"featured_media":3236,"comment_status":"open","ping_status":"closed","template":"","meta":{"_monsterinsights_skip_tracking":false,"_monsterinsights_sitenote_active":false,"_monsterinsights_sitenote_note":"","_monsterinsights_sitenote_category":0},"product_cat":[50],"product_tag":[],"class_list":{"0":"post-2054","1":"product","2":"type-product","3":"status-publish","4":"has-post-thumbnail","6":"product_cat-cambridge","8":"first","9":"instock","10":"taxable","11":"shipping-taxable","12":"purchasable","13":"product-type-simple"},"aioseo_notices":[],"jetpack_sharing_enabled":true,"_links":{"self":[{"href":"https:\/\/www.digitaltecenglishcenter.com\/inicio\/wp-json\/wp\/v2\/product\/2054","targetHints":{"allow":["GET"]}}],"collection":[{"href":"https:\/\/www.digitaltecenglishcenter.com\/inicio\/wp-json\/wp\/v2\/product"}],"about":[{"href":"https:\/\/www.digitaltecenglishcenter.com\/inicio\/wp-json\/wp\/v2\/types\/product"}],"replies":[{"embeddable":true,"href":"https:\/\/www.digitaltecenglishcenter.com\/inicio\/wp-json\/wp\/v2\/comments?post=2054"}],"wp:featuredmedia":[{"embeddable":true,"href":"https:\/\/www.digitaltecenglishcenter.com\/inicio\/wp-json\/wp\/v2\/media\/3236"}],"wp:attachment":[{"href":"https:\/\/www.digitaltecenglishcenter.com\/inicio\/wp-json\/wp\/v2\/media?parent=2054"}],"wp:term":[{"taxonomy":"product_cat","embeddable":true,"href":"https:\/\/www.digitaltecenglishcenter.com\/inicio\/wp-json\/wp\/v2\/product_cat?post=2054"},{"taxonomy":"product_tag","embeddable":true,"href":"https:\/\/www.digitaltecenglishcenter.com\/inicio\/wp-json\/wp\/v2\/product_tag?post=2054"}],"curies":[{"name":"wp","href":"https:\/\/api.w.org\/{rel}","templated":true}]}}